{"id":10885,"date":"2025-05-14T14:15:18","date_gmt":"2025-05-14T14:15:18","guid":{"rendered":"https:\/\/catering-ks.shop\/?post_type=product&#038;p=10885"},"modified":"2025-05-14T14:15:18","modified_gmt":"2025-05-14T14:15:18","slug":"maqin-per-shkrirje-te-chocolate-aya-k6","status":"publish","type":"product","link":"https:\/\/catering-ks.shop\/?product=maqin-per-shkrirje-te-chocolate-aya-k6","title":{"rendered":"MAQIN PER SHKRIRJE TE CHOCOLATE AYA K6"},"content":{"rendered":"","protected":false},"excerpt":{"rendered":"<p>Dimensionet dhe pesha<br \/>\nGjat\u00ebsia: 46 cm<br \/>\nGjer\u00ebsia: 36 cm<br \/>\nLart\u00ebsia totale: 80.5 cm<br \/>\nDiametri i tasit: 20 cm<br \/>\nGjat\u00ebsia e tubit t\u00eb daljes: 38.5 cm<br \/>\nPesha e makin\u00ebs: 40 kg<br \/>\nKapaciteti i tasit: 6 kg<br \/>\nMateriali i trupit: \u00c7elik inox<\/p>\n<p>Konsumi<br \/>\n1 kW<br \/>\n230 V 50\/60 Hz<\/p>\n<p>Sistemi i ngrohjes<br \/>\nNr. Nj\u00eb rezistenc\u00eb silikoni p\u00ebr ngrohjen e rezervuarit<br \/>\nNr. Rezistenc\u00eb kabllore p\u00ebr ngrohjen e strum\u00ebs<\/p>\n<p>&nbsp;<\/p>\n","protected":false},"featured_media":10886,"template":"","meta":{"inline_featured_image":false},"product_cat":[135,136,138],"product_tag":[],"class_list":{"0":"post-10885","1":"product","2":"type-product","3":"status-publish","4":"has-post-thumbnail","6":"product_cat-kuzhine","7":"product_cat-paisje-kuzhine","8":"product_cat-pasticeri","10":"first","11":"instock","12":"shipping-taxable","13":"purchasable","14":"product-type-simple"},"yoast_head":"<!-- This site is optimized with the Yoast SEO plugin v23.0 - https:\/\/yoast.com\/wordpress\/plugins\/seo\/ -->\n<title>MAQIN PER SHKRIRJE TE CHOCOLATE AYA K6 - Catering Kosova<\/title>\n<meta name=\"robots\" content=\"index, follow, max-snippet:-1, max-image-preview:large, max-video-preview:-1\" \/>\n<link rel=\"canonical\" href=\"https:\/\/catering-ks.shop\/?product=maqin-per-shkrirje-te-chocolate-aya-k6\" \/>\n<meta property=\"og:locale\" content=\"sq_AL\" \/>\n<meta property=\"og:type\" content=\"article\" \/>\n<meta property=\"og:title\" content=\"MAQIN PER SHKRIRJE TE CHOCOLATE AYA K6 - Catering Kosova\" \/>\n<meta property=\"og:description\" content=\"Dimensionet dhe pesha Gjat\u00ebsia: 46 cm Gjer\u00ebsia: 36 cm Lart\u00ebsia totale: 80.5 cm Diametri i tasit: 20 cm Gjat\u00ebsia e tubit t\u00eb daljes: 38.5 cm Pesha e makin\u00ebs: 40 kg Kapaciteti i tasit: 6 kg Materiali i trupit: \u00c7elik inox  Konsumi 1 kW 230 V 50\/60 Hz  Sistemi i ngrohjes Nr. Nj\u00eb rezistenc\u00eb silikoni p\u00ebr ngrohjen e rezervuarit Nr. Rezistenc\u00eb kabllore p\u00ebr ngrohjen e strum\u00ebs  &nbsp;\" \/>\n<meta property=\"og:url\" content=\"https:\/\/catering-ks.shop\/?product=maqin-per-shkrirje-te-chocolate-aya-k6\" \/>\n<meta property=\"og:site_name\" content=\"Catering Kosova\" \/>\n<meta property=\"article:publisher\" content=\"https:\/\/www.facebook.com\/CateringKosova\" \/>\n<meta property=\"og:image\" content=\"https:\/\/catering-ks.shop\/wp-content\/uploads\/2025\/05\/AYAK6.png\" \/>\n\t<meta property=\"og:image:width\" content=\"796\" \/>\n\t<meta property=\"og:image:height\" content=\"756\" \/>\n\t<meta property=\"og:image:type\" content=\"image\/png\" \/>\n<meta name=\"twitter:card\" content=\"summary_large_image\" \/>\n<meta name=\"twitter:label1\" content=\"Est. reading time\" \/>\n\t<meta name=\"twitter:data1\" content=\"1 minut\u00eb\" \/>\n<script type=\"application\/ld+json\" class=\"yoast-schema-graph\">{\"@context\":\"https:\/\/schema.org\",\"@graph\":[{\"@type\":\"WebPage\",\"@id\":\"https:\/\/catering-ks.shop\/?product=maqin-per-shkrirje-te-chocolate-aya-k6\",\"url\":\"https:\/\/catering-ks.shop\/?product=maqin-per-shkrirje-te-chocolate-aya-k6\",\"name\":\"MAQIN PER SHKRIRJE TE CHOCOLATE AYA K6 - Catering Kosova\",\"isPartOf\":{\"@id\":\"https:\/\/catering-ks.shop\/#website\"},\"primaryImageOfPage\":{\"@id\":\"https:\/\/catering-ks.shop\/?product=maqin-per-shkrirje-te-chocolate-aya-k6#primaryimage\"},\"image\":{\"@id\":\"https:\/\/catering-ks.shop\/?product=maqin-per-shkrirje-te-chocolate-aya-k6#primaryimage\"},\"thumbnailUrl\":\"https:\/\/catering-ks.shop\/wp-content\/uploads\/2025\/05\/AYAK6.png\",\"datePublished\":\"2025-05-14T14:15:18+00:00\",\"dateModified\":\"2025-05-14T14:15:18+00:00\",\"breadcrumb\":{\"@id\":\"https:\/\/catering-ks.shop\/?product=maqin-per-shkrirje-te-chocolate-aya-k6#breadcrumb\"},\"inLanguage\":\"sq\",\"potentialAction\":[{\"@type\":\"ReadAction\",\"target\":[\"https:\/\/catering-ks.shop\/?product=maqin-per-shkrirje-te-chocolate-aya-k6\"]}]},{\"@type\":\"ImageObject\",\"inLanguage\":\"sq\",\"@id\":\"https:\/\/catering-ks.shop\/?product=maqin-per-shkrirje-te-chocolate-aya-k6#primaryimage\",\"url\":\"https:\/\/catering-ks.shop\/wp-content\/uploads\/2025\/05\/AYAK6.png\",\"contentUrl\":\"https:\/\/catering-ks.shop\/wp-content\/uploads\/2025\/05\/AYAK6.png\",\"width\":796,\"height\":756},{\"@type\":\"BreadcrumbList\",\"@id\":\"https:\/\/catering-ks.shop\/?product=maqin-per-shkrirje-te-chocolate-aya-k6#breadcrumb\",\"itemListElement\":[{\"@type\":\"ListItem\",\"position\":1,\"name\":\"Home\",\"item\":\"https:\/\/catering-ks.shop\/\"},{\"@type\":\"ListItem\",\"position\":2,\"name\":\"Shop\",\"item\":\"https:\/\/catering-ks.shop\/?page_id=10\"},{\"@type\":\"ListItem\",\"position\":3,\"name\":\"MAQIN PER SHKRIRJE TE CHOCOLATE AYA K6\"}]},{\"@type\":\"WebSite\",\"@id\":\"https:\/\/catering-ks.shop\/#website\",\"url\":\"https:\/\/catering-ks.shop\/\",\"name\":\"Catering Kosova\",\"description\":\"Na thejm\u00eb \u00e7mime!\",\"publisher\":{\"@id\":\"https:\/\/catering-ks.shop\/#organization\"},\"alternateName\":\"Catering Kosova\",\"potentialAction\":[{\"@type\":\"SearchAction\",\"target\":{\"@type\":\"EntryPoint\",\"urlTemplate\":\"https:\/\/catering-ks.shop\/?s={search_term_string}\"},\"query-input\":\"required name=search_term_string\"}],\"inLanguage\":\"sq\"},{\"@type\":\"Organization\",\"@id\":\"https:\/\/catering-ks.shop\/#organization\",\"name\":\"Catering Kosova\",\"url\":\"https:\/\/catering-ks.shop\/\",\"logo\":{\"@type\":\"ImageObject\",\"inLanguage\":\"sq\",\"@id\":\"https:\/\/catering-ks.shop\/#\/schema\/logo\/image\/\",\"url\":\"https:\/\/catering-ks.shop\/wp-content\/uploads\/2024\/07\/WhatsApp-Image-2024-07-20-at-13.31.30_9ced54ab.jpg\",\"contentUrl\":\"https:\/\/catering-ks.shop\/wp-content\/uploads\/2024\/07\/WhatsApp-Image-2024-07-20-at-13.31.30_9ced54ab.jpg\",\"width\":687,\"height\":551,\"caption\":\"Catering Kosova\"},\"image\":{\"@id\":\"https:\/\/catering-ks.shop\/#\/schema\/logo\/image\/\"},\"sameAs\":[\"https:\/\/www.facebook.com\/CateringKosova\"]}]}<\/script>\n<!-- \/ Yoast SEO plugin. -->","yoast_head_json":{"title":"MAQIN PER SHKRIRJE TE CHOCOLATE AYA K6 - Catering Kosova","robots":{"index":"index","follow":"follow","max-snippet":"max-snippet:-1","max-image-preview":"max-image-preview:large","max-video-preview":"max-video-preview:-1"},"canonical":"https:\/\/catering-ks.shop\/?product=maqin-per-shkrirje-te-chocolate-aya-k6","og_locale":"sq_AL","og_type":"article","og_title":"MAQIN PER SHKRIRJE TE CHOCOLATE AYA K6 - Catering Kosova","og_description":"Dimensionet dhe pesha Gjat\u00ebsia: 46 cm Gjer\u00ebsia: 36 cm Lart\u00ebsia totale: 80.5 cm Diametri i tasit: 20 cm Gjat\u00ebsia e tubit t\u00eb daljes: 38.5 cm Pesha e makin\u00ebs: 40 kg Kapaciteti i tasit: 6 kg Materiali i trupit: \u00c7elik inox  Konsumi 1 kW 230 V 50\/60 Hz  Sistemi i ngrohjes Nr. Nj\u00eb rezistenc\u00eb silikoni p\u00ebr ngrohjen e rezervuarit Nr. Rezistenc\u00eb kabllore p\u00ebr ngrohjen e strum\u00ebs  &nbsp;","og_url":"https:\/\/catering-ks.shop\/?product=maqin-per-shkrirje-te-chocolate-aya-k6","og_site_name":"Catering Kosova","article_publisher":"https:\/\/www.facebook.com\/CateringKosova","og_image":[{"width":796,"height":756,"url":"https:\/\/catering-ks.shop\/wp-content\/uploads\/2025\/05\/AYAK6.png","type":"image\/png"}],"twitter_card":"summary_large_image","twitter_misc":{"Est. reading time":"1 minut\u00eb"},"schema":{"@context":"https:\/\/schema.org","@graph":[{"@type":"WebPage","@id":"https:\/\/catering-ks.shop\/?product=maqin-per-shkrirje-te-chocolate-aya-k6","url":"https:\/\/catering-ks.shop\/?product=maqin-per-shkrirje-te-chocolate-aya-k6","name":"MAQIN PER SHKRIRJE TE CHOCOLATE AYA K6 - Catering Kosova","isPartOf":{"@id":"https:\/\/catering-ks.shop\/#website"},"primaryImageOfPage":{"@id":"https:\/\/catering-ks.shop\/?product=maqin-per-shkrirje-te-chocolate-aya-k6#primaryimage"},"image":{"@id":"https:\/\/catering-ks.shop\/?product=maqin-per-shkrirje-te-chocolate-aya-k6#primaryimage"},"thumbnailUrl":"https:\/\/catering-ks.shop\/wp-content\/uploads\/2025\/05\/AYAK6.png","datePublished":"2025-05-14T14:15:18+00:00","dateModified":"2025-05-14T14:15:18+00:00","breadcrumb":{"@id":"https:\/\/catering-ks.shop\/?product=maqin-per-shkrirje-te-chocolate-aya-k6#breadcrumb"},"inLanguage":"sq","potentialAction":[{"@type":"ReadAction","target":["https:\/\/catering-ks.shop\/?product=maqin-per-shkrirje-te-chocolate-aya-k6"]}]},{"@type":"ImageObject","inLanguage":"sq","@id":"https:\/\/catering-ks.shop\/?product=maqin-per-shkrirje-te-chocolate-aya-k6#primaryimage","url":"https:\/\/catering-ks.shop\/wp-content\/uploads\/2025\/05\/AYAK6.png","contentUrl":"https:\/\/catering-ks.shop\/wp-content\/uploads\/2025\/05\/AYAK6.png","width":796,"height":756},{"@type":"BreadcrumbList","@id":"https:\/\/catering-ks.shop\/?product=maqin-per-shkrirje-te-chocolate-aya-k6#breadcrumb","itemListElement":[{"@type":"ListItem","position":1,"name":"Home","item":"https:\/\/catering-ks.shop\/"},{"@type":"ListItem","position":2,"name":"Shop","item":"https:\/\/catering-ks.shop\/?page_id=10"},{"@type":"ListItem","position":3,"name":"MAQIN PER SHKRIRJE TE CHOCOLATE AYA K6"}]},{"@type":"WebSite","@id":"https:\/\/catering-ks.shop\/#website","url":"https:\/\/catering-ks.shop\/","name":"Catering Kosova","description":"Na thejm\u00eb \u00e7mime!","publisher":{"@id":"https:\/\/catering-ks.shop\/#organization"},"alternateName":"Catering Kosova","potentialAction":[{"@type":"SearchAction","target":{"@type":"EntryPoint","urlTemplate":"https:\/\/catering-ks.shop\/?s={search_term_string}"},"query-input":"required name=search_term_string"}],"inLanguage":"sq"},{"@type":"Organization","@id":"https:\/\/catering-ks.shop\/#organization","name":"Catering Kosova","url":"https:\/\/catering-ks.shop\/","logo":{"@type":"ImageObject","inLanguage":"sq","@id":"https:\/\/catering-ks.shop\/#\/schema\/logo\/image\/","url":"https:\/\/catering-ks.shop\/wp-content\/uploads\/2024\/07\/WhatsApp-Image-2024-07-20-at-13.31.30_9ced54ab.jpg","contentUrl":"https:\/\/catering-ks.shop\/wp-content\/uploads\/2024\/07\/WhatsApp-Image-2024-07-20-at-13.31.30_9ced54ab.jpg","width":687,"height":551,"caption":"Catering Kosova"},"image":{"@id":"https:\/\/catering-ks.shop\/#\/schema\/logo\/image\/"},"sameAs":["https:\/\/www.facebook.com\/CateringKosova"]}]}},"jetpack_sharing_enabled":true,"_links":{"self":[{"href":"https:\/\/catering-ks.shop\/index.php?rest_route=\/wp\/v2\/product\/10885","targetHints":{"allow":["GET"]}}],"collection":[{"href":"https:\/\/catering-ks.shop\/index.php?rest_route=\/wp\/v2\/product"}],"about":[{"href":"https:\/\/catering-ks.shop\/index.php?rest_route=\/wp\/v2\/types\/product"}],"wp:featuredmedia":[{"embeddable":true,"href":"https:\/\/catering-ks.shop\/index.php?rest_route=\/wp\/v2\/media\/10886"}],"wp:attachment":[{"href":"https:\/\/catering-ks.shop\/index.php?rest_route=%2Fwp%2Fv2%2Fmedia&parent=10885"}],"wp:term":[{"taxonomy":"product_cat","embeddable":true,"href":"https:\/\/catering-ks.shop\/index.php?rest_route=%2Fwp%2Fv2%2Fproduct_cat&post=10885"},{"taxonomy":"product_tag","embeddable":true,"href":"https:\/\/catering-ks.shop\/index.php?rest_route=%2Fwp%2Fv2%2Fproduct_tag&post=10885"}],"curies":[{"name":"wp","href":"https:\/\/api.w.org\/{rel}","templated":true}]}}